{"id":14,"date":"2026-01-07T14:00:14","date_gmt":"2026-01-07T13:00:14","guid":{"rendered":"http:\/\/192.168.99.21\/?page_id=14"},"modified":"2026-02-28T17:23:38","modified_gmt":"2026-02-28T16:23:38","slug":"gemeinschaft","status":"publish","type":"page","link":"https:\/\/lettweiler.de\/index.php\/gemeinschaft\/","title":{"rendered":"Gemeinschaft"},"content":{"rendered":"\n<div class=\"wp-block-uagb-container uagb-block-060a0e1e alignfull uagb-is-root-container\"><div class=\"uagb-container-inner-blocks-wrap\">\n<div class=\"wp-block-uagb-container uagb-block-20e88b96\">\n<div class=\"wp-block-uagb-info-box uagb-block-38be72f6 uagb-infobox__content-wrap  uagb-infobox-icon-below-title uagb-infobox-image-valign-top\"><div class=\"uagb-ifb-content\"><div class=\"uagb-ifb-title-wrap\"><h3 class=\"uagb-ifb-title\">TuS Lettweiler<\/h3><\/div><div class=\"uagb-ifb-separator\"><\/div><div class=\"uagb-ifb-image-content\"><img decoding=\"async\" data-src=\"https:\/\/lettweiler.de\/wp-content\/uploads\/2026\/01\/TuS-Wappen_x230.png\" alt=\"\" width=\"\" height=\"0\" src=\"data:image\/svg+xml;base64,PHN2ZyB3aWR0aD0iMSIgaGVpZ2h0PSIxIiB4bWxucz0iaHR0cDovL3d3dy53My5vcmcvMjAwMC9zdmciPjwvc3ZnPg==\" class=\"lazyload\" style=\"--smush-placeholder-width: 192px; --smush-placeholder-aspect-ratio: 192\/230;\" \/><\/div><p class=\"uagb-ifb-desc\">Sport und Gemeinschaft werden beim TuS Lettweiler gro\u00dfgeschrieben. \u00dcber den \u00dcbungsbetrieb hinaus steht die vereinseigene Halle auch zur Vermietung f\u00fcr externe Nutzungen zur Verf\u00fcgung. Interessierte k\u00f6nnen sich f\u00fcr Buchungsanfragen direkt an den Vorstand wenden.<\/p><\/div><\/div>\n<\/div>\n\n\n\n<div class=\"wp-block-uagb-container uagb-block-5c058fe1\">\n<div class=\"wp-block-uagb-info-box uagb-block-545dd657 uagb-infobox__content-wrap  uagb-infobox-icon-below-title uagb-infobox-image-valign-top\"><div class=\"uagb-ifb-content\"><div class=\"uagb-ifb-title-wrap\"><h3 class=\"uagb-ifb-title\">F\u00f6rderverein der FFW <\/h3><\/div><div class=\"uagb-ifb-separator\"><\/div><div class=\"uagb-ifb-image-content\"><img decoding=\"async\" data-src=\"https:\/\/lettweiler.de\/wp-content\/uploads\/2026\/01\/Foerderverein.png\" alt=\"\" width=\"\" height=\"0\" src=\"data:image\/svg+xml;base64,PHN2ZyB3aWR0aD0iMSIgaGVpZ2h0PSIxIiB4bWxucz0iaHR0cDovL3d3dy53My5vcmcvMjAwMC9zdmciPjwvc3ZnPg==\" class=\"lazyload\" style=\"--smush-placeholder-width: 234px; --smush-placeholder-aspect-ratio: 234\/230;\" \/><\/div><p class=\"uagb-ifb-desc\">Der F\u00f6rderverein der Freiwilligen Feuerwehr Lettweiler hat es sich zur Aufgabe gemacht, unsere Brandsch\u00fctzer ideell und materiell zu unterst\u00fctzen. Durch Mitgliedsbeitr\u00e4ge und Veranstaltungen finanziert der Verein zus\u00e4tzliche Ausr\u00fcstung und f\u00f6rdert die wichtige Arbeit der aktiven Wehr.<\/p><\/div><\/div>\n<\/div>\n\n\n\n<div class=\"wp-block-uagb-container uagb-block-11b6bd27\">\n<div class=\"wp-block-uagb-info-box uagb-block-5a1642ff uagb-infobox__content-wrap  uagb-infobox-icon-below-title uagb-infobox-image-valign-top\"><div class=\"uagb-ifb-content\"><div class=\"uagb-ifb-title-wrap\"><h3 class=\"uagb-ifb-title\">Pferdesportverein Lettweiler e.V.<\/h3><\/div><div class=\"uagb-ifb-separator\"><\/div><div class=\"uagb-ifb-image-content\"><img decoding=\"async\" data-src=\"https:\/\/lettweiler.de\/wp-content\/uploads\/2026\/02\/image-300x150.jpeg\" alt=\"\" width=\"300\" height=\"150\" src=\"data:image\/svg+xml;base64,PHN2ZyB3aWR0aD0iMSIgaGVpZ2h0PSIxIiB4bWxucz0iaHR0cDovL3d3dy53My5vcmcvMjAwMC9zdmciPjwvc3ZnPg==\" class=\"lazyload\" style=\"--smush-placeholder-width: 300px; --smush-placeholder-aspect-ratio: 300\/150;\" \/><\/div><p class=\"uagb-ifb-desc\">Der PSV Lettweiler e.V. ist das Zentrum f\u00fcr Pferdesportbegeisterte in unserer Gemeinde. Beheimatet auf der Reitanlage der Double H Trainingstables, liegt ein besonderer Schwerpunkt des Vereins auf dem Westernreiten sowie dem Freizeit- und Breitensport in herrlicher Natur.<br><br><br><br><\/p><\/div><\/div>\n<\/div>\n<\/div><\/div>\n\n\n\n<div class=\"wp-block-uagb-separator uagb-block-72279bbf\"><div class=\"wp-block-uagb-separator__inner\" style=\"--my-background-image:\"><\/div><\/div>\n\n\n\n<div class=\"wp-block-uagb-container uagb-block-e63c55cc alignfull uagb-is-root-container\"><div class=\"uagb-container-inner-blocks-wrap\">\n<div class=\"wp-block-uagb-container uagb-block-29f05ed6\"><\/div>\n\n\n\n<div class=\"wp-block-uagb-container uagb-block-91fa1837\">\n<div class=\"wp-block-uagb-info-box uagb-block-b022abc1 uagb-infobox__content-wrap  uagb-infobox-icon-below-title uagb-infobox-image-valign-top\"><div class=\"uagb-ifb-content\"><div class=\"uagb-ifb-title-wrap\"><h3 class=\"uagb-ifb-title\">FFW Lettweiler<\/h3><\/div><div class=\"uagb-ifb-separator\"><\/div><div class=\"uagb-ifb-image-content\"><img decoding=\"async\" data-src=\"https:\/\/lettweiler.de\/wp-content\/uploads\/2026\/01\/lettweiler_ws_x230.jpg\" alt=\"\" width=\"\" height=\"0\" src=\"data:image\/svg+xml;base64,PHN2ZyB3aWR0aD0iMSIgaGVpZ2h0PSIxIiB4bWxucz0iaHR0cDovL3d3dy53My5vcmcvMjAwMC9zdmciPjwvc3ZnPg==\" class=\"lazyload\" style=\"--smush-placeholder-width: 180px; --smush-placeholder-aspect-ratio: 180\/230;\" \/><\/div><p class=\"uagb-ifb-desc\"><br>Unsere Freiwillige Feuerwehr ist rund um die Uhr f\u00fcr die Sicherheit in Lettweiler einsatzbereit. Die Kameradinnen und Kameraden leisten diesen wichtigen Dienst vollst\u00e4ndig ehrenamtlich und sind zur Stelle, wenn schnelle Hilfe gebraucht wird.<\/p><\/div><\/div>\n<\/div>\n\n\n\n<div class=\"wp-block-uagb-container uagb-block-d9e20fc9\"><\/div>\n<\/div><\/div>\n\n\n\n<p><\/p>\n","protected":false},"excerpt":{"rendered":"","protected":false},"author":1,"featured_media":0,"parent":0,"menu_order":0,"comment_status":"closed","ping_status":"closed","template":"","meta":{"_uag_custom_page_level_css":"","site-sidebar-layout":"default","site-content-layout":"","ast-site-content-layout":"default","site-content-style":"default","site-sidebar-style":"default","ast-global-header-display":"","ast-banner-title-visibility":"","ast-main-header-display":"","ast-hfb-above-header-display":"","ast-hfb-below-header-display":"","ast-hfb-mobile-header-display":"","site-post-title":"","ast-breadcrumbs-content":"","ast-featured-img":"","footer-sml-layout":"","ast-disable-related-posts":"","theme-transparent-header-meta":"","adv-header-id-meta":"","stick-header-meta":"","header-above-stick-meta":"","header-main-stick-meta":"","header-below-stick-meta":"","astra-migrate-meta-layouts":"default","ast-page-background-enabled":"default","ast-page-background-meta":{"desktop":{"background-color":"var(--ast-global-color-5)","background-image":"","background-repeat":"repeat","background-position":"center center","background-size":"auto","background-attachment":"scroll","background-type":"","background-media":"","overlay-type":"","overlay-color":"","overlay-opacity":"","overlay-gradient":""},"tablet":{"background-color":"","background-image":"","background-repeat":"repeat","background-position":"center center","background-size":"auto","background-attachment":"scroll","background-type":"","background-media":"","overlay-type":"","overlay-color":"","overlay-opacity":"","overlay-gradient":""},"mobile":{"background-color":"","background-image":"","background-repeat":"repeat","background-position":"center center","background-size":"auto","background-attachment":"scroll","background-type":"","background-media":"","overlay-type":"","overlay-color":"","overlay-opacity":"","overlay-gradient":""}},"ast-content-background-meta":{"desktop":{"background-color":"var(--ast-global-color-4)","background-image":"","background-repeat":"repeat","background-position":"center center","background-size":"auto","background-attachment":"scroll","background-type":"","background-media":"","overlay-type":"","overlay-color":"","overlay-opacity":"","overlay-gradient":""},"tablet":{"background-color":"var(--ast-global-color-4)","background-image":"","background-repeat":"repeat","background-position":"center center","background-size":"auto","background-attachment":"scroll","background-type":"","background-media":"","overlay-type":"","overlay-color":"","overlay-opacity":"","overlay-gradient":""},"mobile":{"background-color":"var(--ast-global-color-4)","background-image":"","background-repeat":"repeat","background-position":"center center","background-size":"auto","background-attachment":"scroll","background-type":"","background-media":"","overlay-type":"","overlay-color":"","overlay-opacity":"","overlay-gradient":""}},"footnotes":""},"class_list":["post-14","page","type-page","status-publish","hentry"],"uagb_featured_image_src":{"full":false,"thumbnail":false,"medium":false,"medium_large":false,"large":false,"1536x1536":false,"2048x2048":false},"uagb_author_info":{"display_name":"admin","author_link":"https:\/\/lettweiler.de\/index.php\/author\/admin\/"},"uagb_comment_info":0,"uagb_excerpt":null,"_links":{"self":[{"href":"https:\/\/lettweiler.de\/index.php\/wp-json\/wp\/v2\/pages\/14","targetHints":{"allow":["GET"]}}],"collection":[{"href":"https:\/\/lettweiler.de\/index.php\/wp-json\/wp\/v2\/pages"}],"about":[{"href":"https:\/\/lettweiler.de\/index.php\/wp-json\/wp\/v2\/types\/page"}],"author":[{"embeddable":true,"href":"https:\/\/lettweiler.de\/index.php\/wp-json\/wp\/v2\/users\/1"}],"replies":[{"embeddable":true,"href":"https:\/\/lettweiler.de\/index.php\/wp-json\/wp\/v2\/comments?post=14"}],"version-history":[{"count":26,"href":"https:\/\/lettweiler.de\/index.php\/wp-json\/wp\/v2\/pages\/14\/revisions"}],"predecessor-version":[{"id":414,"href":"https:\/\/lettweiler.de\/index.php\/wp-json\/wp\/v2\/pages\/14\/revisions\/414"}],"wp:attachment":[{"href":"https:\/\/lettweiler.de\/index.php\/wp-json\/wp\/v2\/media?parent=14"}],"curies":[{"name":"wp","href":"https:\/\/api.w.org\/{rel}","templated":true}]}}