{"id":120,"date":"2026-01-08T13:36:44","date_gmt":"2026-01-08T12:36:44","guid":{"rendered":"http:\/\/192.168.99.21\/?page_id=120"},"modified":"2026-02-05T14:23:29","modified_gmt":"2026-02-05T13:23:29","slug":"datenschutz","status":"publish","type":"page","link":"https:\/\/lettweiler.de\/index.php\/datenschutz\/","title":{"rendered":"Datenschutz"},"content":{"rendered":"\n<div class=\"wp-block-uagb-info-box uagb-block-af596b36 uagb-infobox__content-wrap  uagb-infobox-icon-above-title uagb-infobox-image-valign-top\"><div class=\"uagb-ifb-content\"><div class=\"uagb-ifb-title-wrap\"><h3 class=\"uagb-ifb-title\">Datenschutzerkl\u00e4rung<\/h3><\/div><p class=\"uagb-ifb-desc\"><strong>1. Datenschutz auf einen Blick<br>Allgemeine Hinweise<br><\/strong>Die folgenden Hinweise geben einen einfachen \u00dcberblick dar\u00fcber, was mit Ihren personenbezogenen Daten passiert, wenn Sie diese Website besuchen. Personenbezogene Daten sind alle Daten, mit denen Sie pers\u00f6nlich identifiziert werden k\u00f6nnen.<br><br><strong>Datenerfassung auf dieser Website<br><\/strong>Die Datenverarbeitung auf dieser Website erfolgt durch den Websitebetreiber. Dessen Kontaktdaten k\u00f6nnen Sie dem Impressum dieser Website entnehmen.<br><br><strong>2. Hosting<br><\/strong>Wir hosten unsere Website bei folgendem Anbieter:<br><strong>Strato<\/strong> Strato AG, Otto-Ostrowski-Stra\u00dfe 7, 10249 Berlin.<br>Wenn Sie unsere Website besuchen, erfasst Strato verschiedene Logfiles inklusive Ihrer IP-Adressen. Die Verwendung von Strato erfolgt auf Grundlage von Art. 6 Abs. 1 lit. f DSGVO. Wir haben ein berechtigtes Interesse an einer m\u00f6glichst zuverl\u00e4ssigen Darstellung unserer Website.<br><br><strong>Auftragsverarbeitung:<\/strong> Wir haben mit dem oben genannten Anbieter einen Vertrag \u00fcber Auftragsverarbeitung (AVV) geschlossen. Dies ist ein datenschutzrechtlich vorgeschriebener Vertrag, der gew\u00e4hrleistet, dass dieser die personenbezogenen Daten unserer Websitebesucher nur nach unseren Weisungen und unter Einhaltung der DSGVO verarbeitet.<br><br><strong>3. Allgemeine Hinweise und Pflichtinformationen<br>Widerruf Ihrer Einwilligung zur Datenverarbeitung<br><\/strong>Viele Datenverarbeitungsvorg\u00e4nge sind nur mit Ihrer ausdr\u00fccklichen Einwilligung m\u00f6glich. Sie k\u00f6nnen eine bereits erteilte Einwilligung jederzeit widerrufen. Dazu reicht eine formlose Mitteilung per E-Mail an uns. Die Rechtm\u00e4\u00dfigkeit der bis zum Widerruf erfolgten Datenverarbeitung bleibt vom Widerruf unber\u00fchrt.<br><br><strong>Recht auf Beschwerde bei der zust\u00e4ndigen Aufsichtsbeh\u00f6rde<br><\/strong>Im Falle von Verst\u00f6\u00dfen gegen die DSGVO steht den Betroffenen ein Beschwerderecht bei einer Aufsichtsbeh\u00f6rde zu.<br><br><strong>Recht auf Daten\u00fcbertragbarkeit<br><\/strong>Sie haben das Recht, Daten, die wir auf Grundlage Ihrer Einwilligung oder in Erf\u00fcllung eines Vertrags automatisiert verarbeiten, an sich oder an einen Dritten in einem g\u00e4ngigen, maschinenlesbaren Format aush\u00e4ndigen zu lassen.<br><br><br><strong>4. Datenerfassung durch Firebase (Termine &amp; News)<br><\/strong>Unsere Website nutzt zur Bereitstellung von Echtzeit-Inhalten (aktuelle Termine und Neuigkeiten aus Lettweiler) den Dienst <strong>Google Firebase<\/strong> (Google Ireland Limited, Gordon House, Barrow Street, Dublin 4, Irland).<br><strong>Zweck:<\/strong> Wir nutzen die Firebase Firestore Datenbank, um Ihnen aktuelle Informationen direkt auf der Website anzuzeigen.<br><strong>Verarbeitung:<\/strong> Wenn Sie diese Seite aufrufen, baut Ihr Browser eine Verbindung zu Firebase auf. Dabei wird technisch bedingt Ihre IP-Adresse an Server von Google \u00fcbertragen. Es ist nicht auszuschlie\u00dfen, dass Daten dabei an die Google LLC in die USA \u00fcbertragen werden.<br><strong>Rechtsgrundlage:<\/strong> Die Nutzung von Firebase erfolgt auf Grundlage von Art. 6 Abs. 1 lit. f DSGVO. Wir haben ein berechtigtes Interesse an einer technisch modernen und schnell aktualisierbaren Darstellung der Dorfinformationen.<br><strong>Widerspruch:<\/strong> Sie k\u00f6nnen die Verbindung unterbinden, indem Sie JavaScript in Ihrem Browser deaktivieren. In diesem Fall k\u00f6nnen jedoch keine Termine oder News geladen werden.<br>Weitere Informationen: <a href=\"https:\/\/policies.google.com\/privacy\" target=\"_blank\" rel=\"noreferrer noopener\">Google Privacy Policy<\/a>.<br><br><strong>5. Plugins und Tools<br>Google Web Fonts (lokales Hosting)<br><\/strong>Diese Seite nutzt zur einheitlichen Darstellung von Schriftarten so genannte Web Fonts. Um Ihre Privatsph\u00e4re zu sch\u00fctzen, werden diese Schriftarten <strong>lokal<\/strong> von unserem Server (Strato) geladen. Es findet beim Seitenaufruf keine Verbindung zu Servern von Google statt.<br><br><strong>6. Ihre Rechte (Betroffenenrechte)<br><\/strong>Sie haben im Rahmen der geltenden gesetzlichen Bestimmungen jederzeit das Recht auf:<br><strong>Auskunft<\/strong> \u00fcber Ihre gespeicherten personenbezogenen Daten, deren Herkunft und Empf\u00e4nger und den Zweck der Datenverarbeitung.<br><strong>Berichtigung<\/strong> unrichtiger Daten oder <strong>L\u00f6schung<\/strong> Ihrer bei uns gespeicherten Daten.<br><strong>Einschr\u00e4nkung der Verarbeitung<\/strong>, falls wir Ihre Daten aufgrund gesetzlicher Pflichten noch nicht l\u00f6schen d\u00fcrfen.<br>Hierzu sowie zu weiteren Fragen zum Thema Datenschutz k\u00f6nnen Sie sich jederzeit unter der im Impressum angegebenen Adresse an uns wenden.<\/p><\/div><\/div>\n","protected":false},"excerpt":{"rendered":"","protected":false},"author":1,"featured_media":0,"parent":0,"menu_order":0,"comment_status":"closed","ping_status":"closed","template":"","meta":{"_uag_custom_page_level_css":"","site-sidebar-layout":"default","site-content-layout":"","ast-site-content-layout":"default","site-content-style":"default","site-sidebar-style":"default","ast-global-header-display":"","ast-banner-title-visibility":"","ast-main-header-display":"","ast-hfb-above-header-display":"","ast-hfb-below-header-display":"","ast-hfb-mobile-header-display":"","site-post-title":"disabled","ast-breadcrumbs-content":"","ast-featured-img":"","footer-sml-layout":"","ast-disable-related-posts":"","theme-transparent-header-meta":"","adv-header-id-meta":"","stick-header-meta":"","header-above-stick-meta":"","header-main-stick-meta":"","header-below-stick-meta":"","astra-migrate-meta-layouts":"default","ast-page-background-enabled":"default","ast-page-background-meta":{"desktop":{"background-color":"var(--ast-global-color-5)","background-image":"","background-repeat":"repeat","background-position":"center center","background-size":"auto","background-attachment":"scroll","background-type":"","background-media":"","overlay-type":"","overlay-color":"","overlay-opacity":"","overlay-gradient":""},"tablet":{"background-color":"","background-image":"","background-repeat":"repeat","background-position":"center center","background-size":"auto","background-attachment":"scroll","background-type":"","background-media":"","overlay-type":"","overlay-color":"","overlay-opacity":"","overlay-gradient":""},"mobile":{"background-color":"","background-image":"","background-repeat":"repeat","background-position":"center center","background-size":"auto","background-attachment":"scroll","background-type":"","background-media":"","overlay-type":"","overlay-color":"","overlay-opacity":"","overlay-gradient":""}},"ast-content-background-meta":{"desktop":{"background-color":"var(--ast-global-color-4)","background-image":"","background-repeat":"repeat","background-position":"center center","background-size":"auto","background-attachment":"scroll","background-type":"","background-media":"","overlay-type":"","overlay-color":"","overlay-opacity":"","overlay-gradient":""},"tablet":{"background-color":"var(--ast-global-color-4)","background-image":"","background-repeat":"repeat","background-position":"center center","background-size":"auto","background-attachment":"scroll","background-type":"","background-media":"","overlay-type":"","overlay-color":"","overlay-opacity":"","overlay-gradient":""},"mobile":{"background-color":"var(--ast-global-color-4)","background-image":"","background-repeat":"repeat","background-position":"center center","background-size":"auto","background-attachment":"scroll","background-type":"","background-media":"","overlay-type":"","overlay-color":"","overlay-opacity":"","overlay-gradient":""}},"footnotes":""},"class_list":["post-120","page","type-page","status-publish","hentry"],"uagb_featured_image_src":{"full":false,"thumbnail":false,"medium":false,"medium_large":false,"large":false,"1536x1536":false,"2048x2048":false},"uagb_author_info":{"display_name":"admin","author_link":"https:\/\/lettweiler.de\/index.php\/author\/admin\/"},"uagb_comment_info":0,"uagb_excerpt":null,"_links":{"self":[{"href":"https:\/\/lettweiler.de\/index.php\/wp-json\/wp\/v2\/pages\/120","targetHints":{"allow":["GET"]}}],"collection":[{"href":"https:\/\/lettweiler.de\/index.php\/wp-json\/wp\/v2\/pages"}],"about":[{"href":"https:\/\/lettweiler.de\/index.php\/wp-json\/wp\/v2\/types\/page"}],"author":[{"embeddable":true,"href":"https:\/\/lettweiler.de\/index.php\/wp-json\/wp\/v2\/users\/1"}],"replies":[{"embeddable":true,"href":"https:\/\/lettweiler.de\/index.php\/wp-json\/wp\/v2\/comments?post=120"}],"version-history":[{"count":6,"href":"https:\/\/lettweiler.de\/index.php\/wp-json\/wp\/v2\/pages\/120\/revisions"}],"predecessor-version":[{"id":398,"href":"https:\/\/lettweiler.de\/index.php\/wp-json\/wp\/v2\/pages\/120\/revisions\/398"}],"wp:attachment":[{"href":"https:\/\/lettweiler.de\/index.php\/wp-json\/wp\/v2\/media?parent=120"}],"curies":[{"name":"wp","href":"https:\/\/api.w.org\/{rel}","templated":true}]}}