{"id":10,"date":"2026-01-07T13:59:41","date_gmt":"2026-01-07T12:59:41","guid":{"rendered":"http:\/\/192.168.99.21\/?page_id=10"},"modified":"2026-02-28T18:55:31","modified_gmt":"2026-02-28T17:55:31","slug":"startseite","status":"publish","type":"page","link":"https:\/\/lettweiler.de\/","title":{"rendered":"Startseite"},"content":{"rendered":"\n<div class=\"wp-block-uagb-container uagb-block-96ce5093 alignfull uagb-is-root-container\"><div class=\"uagb-container-inner-blocks-wrap\">\n<div class=\"wp-block-uagb-advanced-heading uagb-block-54472b83\"><h2 class=\"uagb-heading-text\"><em>Herzlich willkommen in Lettweiler<\/em><\/h2><\/div>\n<\/div><\/div>\n\n\n\n<div class=\"wp-block-uagb-container uagb-block-e8e9c4fa alignfull uagb-is-root-container\"><div class=\"uagb-container-inner-blocks-wrap\">\n<div class=\"wp-block-uagb-container uagb-block-6a559bc4\">\n<div class=\"wp-block-uagb-info-box uagb-block-c7eb18fb uagb-infobox__content-wrap  uagb-infobox-icon-above-title uagb-infobox-image-valign-top\"><div class=\"uagb-ifb-content\"><div class=\"uagb-ifb-title-wrap\"><\/div><p class=\"uagb-ifb-desc\">Liebe Mitb\u00fcrgerinnen und Mitb\u00fcrger, liebe G\u00e4ste und Freunde unserer Gemeinde,<br>ich freue mich sehr, Sie auf unserer neu gestalteten Website begr\u00fc\u00dfen zu d\u00fcrfen. Lettweiler ist ein Dorf mit Geschichte, aber vor allem ein Dorf mit Zukunft. Um dieser Zukunft gerecht zu werden, haben wir unseren Internetauftritt grundlegend modernisiert.<br><br>Auf dieser Seite m\u00f6chten wir Ihnen zeigen, was unser Dorf so lebenswert macht:<br><strong>Transparenz:<\/strong> Finden Sie aktuelle Informationen aus dem Gemeinderat und wichtige Termine auf einen Blick.<br><strong>Gemeinschaft:<\/strong> Entdecken Sie unser reges Vereinsleben und die vielf\u00e4ltigen M\u00f6glichkeiten, sich in Lettweiler einzubringen.<br><strong>Service:<\/strong> Ob Informationen zur Miete unseres Dorfgemeinschaftshauses oder wichtige Formulare \u2013 wir m\u00f6chten Ihnen den Zugang so einfach wie m\u00f6glich machen.<br><br>Lettweiler lebt vom Miteinander. Diese Website soll eine Br\u00fccke schlagen \u2013 zwischen Tradition und Moderne, zwischen Verwaltung und B\u00fcrgerschaft.<br>Ich lade Sie ein: Schauen Sie sich um, informieren Sie sich und bleiben Sie mit uns in Kontakt. Wir arbeiten stetig daran, unser Dorf noch attraktiver zu gestalten \u2013 online wie offline.<br><br>Herzliche Gr\u00fc\u00dfe<br><strong>Volker Wagner<\/strong>, Ortsb\u00fcrgermeister von Lettweiler<\/p><\/div><\/div>\n<\/div>\n\n\n\n<div class=\"wp-block-uagb-container uagb-layout-flex uagb-block-bfd6ad59\">\t\t\t\t\t<div\n\t\t\t\t\t\tclass=\"wp-block-uagb-image-gallery uagb-block-c368fc47     \"\n\t\t\t\t\t\tstyle=\"\"\n\t\t\t\t\t>\n\t\t\t\t\t\t\t\t\t\t\t<div class=\"spectra-image-gallery spectra-image-gallery__layout--carousel\">\n\t\t\t\t\t\t\t\t<div class=\"uagb-slick-carousel uagb-block-c368fc47\">\n\t\t\t\t\t\t\t\t\t\t\t\t<div class='spectra-image-gallery__media-wrapper' data-spectra-gallery-image-id='441'>\n\t\t\t\t\t\t\t<div class=\"spectra-image-gallery__media spectra-image-gallery__media--carousel\">\n\t\t\t\t<picture>\n\t\t\t\t\t<source media=\"(min-width: 1024px)\" data-srcset=\"https:\/\/lettweiler.de\/wp-content\/uploads\/2026\/02\/DSCN9065-scaled.jpg\">\n\t\t\t\t\t<source media=\"(min-width: 768px)\" data-srcset=\"https:\/\/lettweiler.de\/wp-content\/uploads\/2026\/02\/DSCN9065-768x1024.jpg\">\n\t\t\t\t\t<img decoding=\"async\" class=\"spectra-image-gallery__media-thumbnail spectra-image-gallery__media-thumbnail--carousel lazyload\" data-src=\"https:\/\/lettweiler.de\/wp-content\/uploads\/2026\/02\/DSCN9065-225x300.jpg\" alt=\"\" src=\"data:image\/svg+xml;base64,PHN2ZyB3aWR0aD0iMSIgaGVpZ2h0PSIxIiB4bWxucz0iaHR0cDovL3d3dy53My5vcmcvMjAwMC9zdmciPjwvc3ZnPg==\" style=\"--smush-placeholder-width: 225px; --smush-placeholder-aspect-ratio: 225\/300;\" \/>\n\t\t\t\t<\/picture>\n\t\t\t\t<div class=\"spectra-image-gallery__media-thumbnail-blurrer\"><\/div>\n\t\t\t\t\t\t\t\t\t\t\t<div class=\"spectra-image-gallery__media-thumbnail-caption-wrapper spectra-image-gallery__media-thumbnail-caption-wrapper--overlay\"><\/div>\n\t\t\t\t\t\t\t\t<\/div>\n\t\t\t\t\t\t<\/div>\n\t\t\t\t\t\t<div class='spectra-image-gallery__media-wrapper' data-spectra-gallery-image-id='364'>\n\t\t\t\t\t\t\t<div class=\"spectra-image-gallery__media spectra-image-gallery__media--carousel\">\n\t\t\t\t<picture>\n\t\t\t\t\t<source media=\"(min-width: 1024px)\" data-srcset=\"https:\/\/lettweiler.de\/wp-content\/uploads\/2026\/01\/IMG_7723-scaled.jpeg\">\n\t\t\t\t\t<source media=\"(min-width: 768px)\" data-srcset=\"https:\/\/lettweiler.de\/wp-content\/uploads\/2026\/01\/IMG_7723-768x1024.jpeg\">\n\t\t\t\t\t<img decoding=\"async\" class=\"spectra-image-gallery__media-thumbnail spectra-image-gallery__media-thumbnail--carousel lazyload\" data-src=\"https:\/\/lettweiler.de\/wp-content\/uploads\/2026\/01\/IMG_7723-225x300.jpeg\" alt=\"\" src=\"data:image\/svg+xml;base64,PHN2ZyB3aWR0aD0iMSIgaGVpZ2h0PSIxIiB4bWxucz0iaHR0cDovL3d3dy53My5vcmcvMjAwMC9zdmciPjwvc3ZnPg==\" style=\"--smush-placeholder-width: 225px; --smush-placeholder-aspect-ratio: 225\/300;\" \/>\n\t\t\t\t<\/picture>\n\t\t\t\t<div class=\"spectra-image-gallery__media-thumbnail-blurrer\"><\/div>\n\t\t\t\t\t\t\t\t\t\t\t<div class=\"spectra-image-gallery__media-thumbnail-caption-wrapper spectra-image-gallery__media-thumbnail-caption-wrapper--overlay\"><\/div>\n\t\t\t\t\t\t\t\t<\/div>\n\t\t\t\t\t\t<\/div>\n\t\t\t\t\t\t<div class='spectra-image-gallery__media-wrapper' data-spectra-gallery-image-id='363'>\n\t\t\t\t\t\t\t<div class=\"spectra-image-gallery__media spectra-image-gallery__media--carousel\">\n\t\t\t\t<picture>\n\t\t\t\t\t<source media=\"(min-width: 1024px)\" data-srcset=\"https:\/\/lettweiler.de\/wp-content\/uploads\/2026\/01\/IMG_9929-Hochkannt.jpeg\">\n\t\t\t\t\t<source media=\"(min-width: 768px)\" data-srcset=\"https:\/\/lettweiler.de\/wp-content\/uploads\/2026\/01\/IMG_9929-Hochkannt-768x1024.jpeg\">\n\t\t\t\t\t<img decoding=\"async\" class=\"spectra-image-gallery__media-thumbnail spectra-image-gallery__media-thumbnail--carousel lazyload\" data-src=\"https:\/\/lettweiler.de\/wp-content\/uploads\/2026\/01\/IMG_9929-Hochkannt-225x300.jpeg\" alt=\"\" src=\"data:image\/svg+xml;base64,PHN2ZyB3aWR0aD0iMSIgaGVpZ2h0PSIxIiB4bWxucz0iaHR0cDovL3d3dy53My5vcmcvMjAwMC9zdmciPjwvc3ZnPg==\" style=\"--smush-placeholder-width: 225px; --smush-placeholder-aspect-ratio: 225\/300;\" \/>\n\t\t\t\t<\/picture>\n\t\t\t\t<div class=\"spectra-image-gallery__media-thumbnail-blurrer\"><\/div>\n\t\t\t\t\t\t\t\t\t\t\t<div class=\"spectra-image-gallery__media-thumbnail-caption-wrapper spectra-image-gallery__media-thumbnail-caption-wrapper--overlay\"><\/div>\n\t\t\t\t\t\t\t\t<\/div>\n\t\t\t\t\t\t<\/div>\n\t\t\t\t\t\t<div class='spectra-image-gallery__media-wrapper' data-spectra-gallery-image-id='444'>\n\t\t\t\t\t\t\t<div class=\"spectra-image-gallery__media spectra-image-gallery__media--carousel\">\n\t\t\t\t<picture>\n\t\t\t\t\t<source media=\"(min-width: 1024px)\" data-srcset=\"https:\/\/lettweiler.de\/wp-content\/uploads\/2026\/02\/IMG_5651-1-scaled.jpg\">\n\t\t\t\t\t<source media=\"(min-width: 768px)\" data-srcset=\"https:\/\/lettweiler.de\/wp-content\/uploads\/2026\/02\/IMG_5651-1-768x1024.jpg\">\n\t\t\t\t\t<img decoding=\"async\" class=\"spectra-image-gallery__media-thumbnail spectra-image-gallery__media-thumbnail--carousel lazyload\" data-src=\"https:\/\/lettweiler.de\/wp-content\/uploads\/2026\/02\/IMG_5651-1-225x300.jpg\" alt=\"\" src=\"data:image\/svg+xml;base64,PHN2ZyB3aWR0aD0iMSIgaGVpZ2h0PSIxIiB4bWxucz0iaHR0cDovL3d3dy53My5vcmcvMjAwMC9zdmciPjwvc3ZnPg==\" style=\"--smush-placeholder-width: 225px; --smush-placeholder-aspect-ratio: 225\/300;\" \/>\n\t\t\t\t<\/picture>\n\t\t\t\t<div class=\"spectra-image-gallery__media-thumbnail-blurrer\"><\/div>\n\t\t\t\t\t\t\t\t\t\t\t<div class=\"spectra-image-gallery__media-thumbnail-caption-wrapper spectra-image-gallery__media-thumbnail-caption-wrapper--overlay\"><\/div>\n\t\t\t\t\t\t\t\t<\/div>\n\t\t\t\t\t\t<\/div>\n\t\t\t\t\t\t\t\t\t\t\t<\/div>\n\t\t\t\t\t\t\t<\/div>\n\t\t\t\t\t\t\t\t\t\t\t<\/div>\n\t\t\t\t\t\t\t\t\t<\/div>\n<\/div><\/div>\n\n\n\n<div data-aos= \"flip-up\" data-aos-duration=\"400\" data-aos-delay=\"0\" data-aos-easing=\"ease\" data-aos-once=\"true\" class=\"wp-block-uagb-marketing-button uagb-marketing-btn__align-center uagb-marketing-btn__align-text-center uagb-marketing-btn__icon-after uagb-block-5fde9640 wp-block-button\"><a href=\"https:\/\/app-lettweiler.web.app\/\" class=\"uagb-marketing-btn__link wp-block-button__link\" target=\"_blank\" rel=\"noopener noreferrer\"><h1 class=\"uagb-marketing-btn__title\">Jetzt die Lettweiler App nutzen<\/h1><svg xmlns=\"https:\/\/www.w3.org\/2000\/svg\" viewBox=\"0 0 384 512\"><path d=\"M304 0h-224c-35.35 0-64 28.65-64 64v384c0 35.35 28.65 64 64 64h224c35.35 0 64-28.65 64-64V64C368 28.65 339.3 0 304 0zM192 480c-17.75 0-32-14.25-32-32s14.25-32 32-32s32 14.25 32 32S209.8 480 192 480zM304 64v320h-224V64H304z\"><\/path><\/svg><p class=\"uagb-marketing-btn__prefix\">Direkt installieren und keine Neuigkeiten oder <br>Termine mehr verpassen.<\/p><\/a><\/div>\n\n\n\n<p><\/p>\n\n\n\n<div class=\"wp-block-uagb-separator uagb-block-3f4f19e5\"><div class=\"wp-block-uagb-separator__inner\" style=\"--my-background-image:\"><\/div><\/div>\n\n\n\n<p><\/p>\n\n\n\n<div class=\"wp-block-uagb-container uagb-block-e25326e7 alignwide uagb-is-root-container\">\n<div class=\"wp-block-uagb-container uagb-block-6417b464\">\n<div class=\"wp-block-uagb-advanced-heading uagb-block-9520bbbc\"><h2 class=\"uagb-heading-text\">N\u00e4chste Termine in Lettweiler<\/h2><\/div>\n<\/div>\n\n\n\n<div id=\"event-preview\">Lade Termine&#8230;<\/div>\n\n<button id=\"openModalBtn\" style=\"display:none; margin-top: 15px; padding: 10px 20px; background-color: #2d5a27; color: white; border: none; border-radius: 4px; cursor: pointer; font-weight: bold;\">\n  Alle Termine anzeigen\n<\/button>\n\n<div id=\"eventModal\" style=\"display: none; position: fixed; z-index: 999; left: 0; top: 0; width: 100%; height: 100%; background-color: rgba(0,0,0,0.6); backdrop-filter: blur(3px);\">\n  <div style=\"background-color: white; margin: 5% auto; padding: 20px; border-radius: 8px; width: 90%; max-width: 600px; max-height: 80vh; overflow-y: auto; position: relative; font-family: sans-serif;\">\n    <span id=\"closeModal\" style=\"position: absolute; right: 20px; top: 15px; font-size: 28px; font-weight: bold; cursor: pointer; color: #aaa;\">&times;<\/span>\n    <h2 style=\"color: #2d5a27; margin-top: 0;\">Alle Termine<\/h2>\n    <hr>\n    <div id=\"all-events-list\"><\/div>\n  <\/div>\n<\/div>\n\n<script src=\"https:\/\/www.gstatic.com\/firebasejs\/9.1.1\/firebase-app-compat.js\"><\/script>\n<script src=\"https:\/\/www.gstatic.com\/firebasejs\/9.1.1\/firebase-firestore-compat.js\"><\/script>\n\n<script>\n  const firebaseConfig = {\n    apiKey: \"AIzaSyBmj6KfciGj1HekXGl4AzODC0jGwJ-AKjI\",\n    authDomain: \"app-lettweiler.firebaseapp.com\",\n    projectId: \"app-lettweiler\",\n    storageBucket: \"app-lettweiler.firebasestorage.app\",\n    messagingSenderId: \"50706826812\",\n    appId: \"1:50706826812:web:76a1964e1626e9d84d6539\",\n    measurementId: \"G-VL3HD72XB1\"\n  };\n\n  if (!firebase.apps.length) { firebase.initializeApp(firebaseConfig); }\n  const db = firebase.firestore();\n  const jetzt = new Date();\n\n  \/\/ Funktion zum Erstellen der HTML-Eintr\u00e4ge\n  function createEventHtml(doc) {\n    const t = doc.data();\n    const jsDate = t.date.toDate ? t.date.toDate() : new Date(t.date);\n    \n    \/\/ Filter f\u00fcr inaktive Vereine\/Orte\n    const inhalt = (t.title + (t.text || \"\")).toLowerCase();\n    if (inhalt.includes(\"dorfscheier\") || inhalt.includes(\"landfrauen\")) return null;\n\n    const datum = jsDate.toLocaleDateString('de-DE', { day: '2-digit', month: 'long', year: 'numeric' });\n    const zeit = jsDate.toLocaleTimeString('de-DE', { hour: '2-digit', minute: '2-digit' }) + \" Uhr\";\n\n    return `\n      <li style=\"margin-bottom: 15px; padding: 12px; border-left: 5px solid #2d5a27; background: #f9f9f9; list-style: none;\">\n        <span style=\"color: #666; font-size: 0.85em; font-weight: bold;\">${datum} | ${zeit}<\/span><br>\n        <strong style=\"font-size: 1.1em; color: #2d5a27;\">${t.title || 'Kein Titel'}<\/strong>\n        <div style=\"margin-top: 5px; font-size: 0.95em;\">${t.text || ''}<\/div>\n      <\/li>`;\n  }\n\n  \/\/ 1. Vorschau laden (Max 3)\n  db.collection(\"events\")\n    .where(\"date\", \">=\", firebase.firestore.Timestamp.fromDate(jetzt))\n    .orderBy(\"date\", \"asc\")\n    .limit(3)\n    .get()\n    .then((querySnapshot) => {\n      let html = '<ul style=\"padding: 0;\">';\n      querySnapshot.forEach(doc => {\n        const item = createEventHtml(doc);\n        if (item) html += item;\n      });\n      document.getElementById('event-preview').innerHTML = html + '<\/ul>';\n      if (!querySnapshot.empty) document.getElementById('openModalBtn').style.display = 'block';\n    });\n\n  \/\/ 2. Alle Termine f\u00fcr das Modal laden\n  const openModalBtn = document.getElementById('openModalBtn');\n  const modal = document.getElementById('eventModal');\n  const closeModal = document.getElementById('closeModal');\n\n  openModalBtn.onclick = function() {\n    modal.style.display = \"block\";\n    document.getElementById('all-events-list').innerHTML = \"Lade alle Termine...\";\n    \n    db.collection(\"events\")\n      .where(\"date\", \">=\", firebase.firestore.Timestamp.fromDate(jetzt))\n      .orderBy(\"date\", \"asc\")\n      .get()\n      .then((querySnapshot) => {\n        let html = '<ul style=\"padding: 0;\">';\n        querySnapshot.forEach(doc => {\n          const item = createEventHtml(doc);\n          if (item) html += item;\n        });\n        document.getElementById('all-events-list').innerHTML = html + '<\/ul>';\n      });\n  }\n\n  \/\/ Modal schlie\u00dfen Logik\n  closeModal.onclick = () => modal.style.display = \"none\";\n  window.onclick = (event) => { if (event.target == modal) modal.style.display = \"none\"; }\n\n<\/script>\n<\/div>\n\n\n\n<p><\/p>\n\n\n\n<div class=\"wp-block-uagb-separator uagb-block-1adf65c2\"><div class=\"wp-block-uagb-separator__inner\" style=\"--my-background-image:\"><\/div><\/div>\n\n\n\n<p><\/p>\n\n\n\n<div class=\"wp-block-uagb-call-to-action uagb-block-1a879ac9 wp-block-button\"><div class=\"uagb-cta__wrap\"><h3 class=\"uagb-cta__title\">Aktuelles Projekt: Mehrgenerationengel\u00e4nde<\/h3><p class=\"uagb-cta__desc\">Wir bauen f\u00fcr die Zukunft! Aktuell entsteht unser neuer Treffpunkt f\u00fcr Jung und Alt. Schauen Sie bald wieder vorbei f\u00fcr Updates zum Baufortschritt.<\/p><\/div><div class=\"uagb-cta__buttons\"><a href=\"https:\/\/lettweiler.de\/index.php\/unser-dorf\/#info-mgg\" class=\"uagb-cta__button-link-wrapper wp-block-button__link\" target=\"_self\" rel=\"noopener noreferrer\">zu den aktuellen Projekten<\/a><\/div><\/div>\n\n\n\n<p><\/p>\n\n\n\n<p><\/p>\n","protected":false},"excerpt":{"rendered":"<p>Herzlich willkommen in Lettweiler N\u00e4chste Termine in Lettweiler Lade Termine&#8230; Alle Termine anzeigen &times; Alle Termine<\/p>\n","protected":false},"author":1,"featured_media":0,"parent":0,"menu_order":0,"comment_status":"closed","ping_status":"closed","template":"","meta":{"_uag_custom_page_level_css":"","site-sidebar-layout":"default","site-content-layout":"","ast-site-content-layout":"default","site-content-style":"default","site-sidebar-style":"default","ast-global-header-display":"","ast-banner-title-visibility":"","ast-main-header-display":"","ast-hfb-above-header-display":"","ast-hfb-below-header-display":"","ast-hfb-mobile-header-display":"","site-post-title":"disabled","ast-breadcrumbs-content":"","ast-featured-img":"","footer-sml-layout":"","ast-disable-related-posts":"","theme-transparent-header-meta":"","adv-header-id-meta":"","stick-header-meta":"","header-above-stick-meta":"","header-main-stick-meta":"","header-below-stick-meta":"","astra-migrate-meta-layouts":"default","ast-page-background-enabled":"default","ast-page-background-meta":{"desktop":{"background-color":"var(--ast-global-color-5)","background-image":"","background-repeat":"repeat","background-position":"center center","background-size":"auto","background-attachment":"scroll","background-type":"","background-media":"","overlay-type":"","overlay-color":"","overlay-opacity":"","overlay-gradient":""},"tablet":{"background-color":"","background-image":"","background-repeat":"repeat","background-position":"center center","background-size":"auto","background-attachment":"scroll","background-type":"","background-media":"","overlay-type":"","overlay-color":"","overlay-opacity":"","overlay-gradient":""},"mobile":{"background-color":"","background-image":"","background-repeat":"repeat","background-position":"center center","background-size":"auto","background-attachment":"scroll","background-type":"","background-media":"","overlay-type":"","overlay-color":"","overlay-opacity":"","overlay-gradient":""}},"ast-content-background-meta":{"desktop":{"background-color":"var(--ast-global-color-4)","background-image":"","background-repeat":"repeat","background-position":"center center","background-size":"auto","background-attachment":"scroll","background-type":"","background-media":"","overlay-type":"","overlay-color":"","overlay-opacity":"","overlay-gradient":""},"tablet":{"background-color":"var(--ast-global-color-4)","background-image":"","background-repeat":"repeat","background-position":"center center","background-size":"auto","background-attachment":"scroll","background-type":"","background-media":"","overlay-type":"","overlay-color":"","overlay-opacity":"","overlay-gradient":""},"mobile":{"background-color":"var(--ast-global-color-4)","background-image":"","background-repeat":"repeat","background-position":"center center","background-size":"auto","background-attachment":"scroll","background-type":"","background-media":"","overlay-type":"","overlay-color":"","overlay-opacity":"","overlay-gradient":""}},"footnotes":""},"class_list":["post-10","page","type-page","status-publish","hentry"],"uagb_featured_image_src":{"full":false,"thumbnail":false,"medium":false,"medium_large":false,"large":false,"1536x1536":false,"2048x2048":false},"uagb_author_info":{"display_name":"admin","author_link":"https:\/\/lettweiler.de\/index.php\/author\/admin\/"},"uagb_comment_info":0,"uagb_excerpt":"Herzlich willkommen in Lettweiler N\u00e4chste Termine in Lettweiler Lade Termine&#8230; Alle Termine anzeigen &times; Alle Termine","_links":{"self":[{"href":"https:\/\/lettweiler.de\/index.php\/wp-json\/wp\/v2\/pages\/10","targetHints":{"allow":["GET"]}}],"collection":[{"href":"https:\/\/lettweiler.de\/index.php\/wp-json\/wp\/v2\/pages"}],"about":[{"href":"https:\/\/lettweiler.de\/index.php\/wp-json\/wp\/v2\/types\/page"}],"author":[{"embeddable":true,"href":"https:\/\/lettweiler.de\/index.php\/wp-json\/wp\/v2\/users\/1"}],"replies":[{"embeddable":true,"href":"https:\/\/lettweiler.de\/index.php\/wp-json\/wp\/v2\/comments?post=10"}],"version-history":[{"count":63,"href":"https:\/\/lettweiler.de\/index.php\/wp-json\/wp\/v2\/pages\/10\/revisions"}],"predecessor-version":[{"id":445,"href":"https:\/\/lettweiler.de\/index.php\/wp-json\/wp\/v2\/pages\/10\/revisions\/445"}],"wp:attachment":[{"href":"https:\/\/lettweiler.de\/index.php\/wp-json\/wp\/v2\/media?parent=10"}],"curies":[{"name":"wp","href":"https:\/\/api.w.org\/{rel}","templated":true}]}}